{"id":81,"date":"2016-06-07T16:11:14","date_gmt":"2016-06-07T14:11:14","guid":{"rendered":"http:\/\/www.gasthof-hoferwirt.at\/?page_id=81"},"modified":"2026-03-08T17:15:05","modified_gmt":"2026-03-08T16:15:05","slug":"preisen","status":"publish","type":"page","link":"https:\/\/www.pension-hoferwirt.at\/?page_id=81","title":{"rendered":"Preise Zimmer"},"content":{"rendered":"<h2 id=\"zimmerpreise\">Preise f\u00fcr Zimmer<\/h2>\n<p><strong><span style=\"text-decoration: underline;\">Sommer 2026<\/span><\/strong><\/p>\n<p>Zimmer mit Fr\u00fchstuck\u00a0\u00a0\u00a0\u00a0 \u00a0pro Person\u00a0 \u00a0 \u00a0 \u00a0 \u00a0 \u00a0 \u00a0 \u00a0Euro\u00a0 54,50<\/p>\n<p>Einzelzimmerzuschlag pro Tag\u00a0 \u00a0 \u00a0 \u00a0 \u00a0 \u00a0 \u00a0 \u00a0 \u00a0 \u00a0 \u00a0 \u00a0 \u00a0 Euro\u00a0 10,00<\/p>\n<p><small>Alle Preise zzgl. Ortstaxe pro Person und Tag\u00a0 \u00a0 \u00a0 \u00a0 \u00a0 \u00a0 \u00a0 \u00a0 \u00a0 Euro\u00a0 \u00a0 3,50<\/small><\/p>\n<p>F\u00fcr Kurzaufenthalte 1 oder 2 N\u00e4chte pro Person ein Aufschlag von Euro\u00a0 10,00<\/p>\n<p><strong>Winter 2027<\/strong><\/p>\n<p>Zimmer\u00a0 mit Fr\u00fchst\u00fcck\u00a0\u00a0\u00a0\u00a0 \u00a0pro Person\u00a0 \u00a0 \u00a0 \u00a0 \u00a0 \u00a0 \u00a0 \u00a0Euro<\/p>\n<p>Einzelzimmerzuschlag pro Tag\u00a0 \u00a0 \u00a0 \u00a0 \u00a0 \u00a0 \u00a0 \u00a0 \u00a0 \u00a0 \u00a0 \u00a0 \u00a0 Euro<\/p>\n<p><small>Alle Preise zzgl. Ortstaxe pro Person und Tag\u00a0 \u00a0 \u00a0 \u00a0 \u00a0 \u00a0 \u00a0 \u00a0 \u00a0 Euro\u00a0 \u00a0 \u00a0 \u00a0 \u00a03,50<\/small><br \/>\nF\u00fcr Kurzaufenthalte 1 oder 2 N\u00e4chte pro Person ein Aufschlag von Euro<\/p>\n<p>Nur Barzahlung (Keine EC-Karten oder Kreditkarten\u00a0) , oder\u00a0 per\u00a0Bank\u00fcberweisung.<br \/>\nStorno: <a href=\"https:\/\/www.wko.at\/oe\/tourismus-freizeitwirtschaft\/hotellerie\/allgemeine-geschaeftsbedingungen-hotellerie\">Allgemeine Gesch\u00e4ftsbedingungen f\u00fcr die Hotellerie (AGBH)<\/a><\/p>\n","protected":false},"excerpt":{"rendered":"<p>Preise f\u00fcr Zimmer Sommer 2026 Zimmer mit Fr\u00fchstuck\u00a0\u00a0\u00a0\u00a0 \u00a0pro Person\u00a0 \u00a0 \u00a0 \u00a0 \u00a0 \u00a0 \u00a0 \u00a0Euro\u00a0 54,50 Einzelzimmerzuschlag pro Tag\u00a0 \u00a0 \u00a0 \u00a0 \u00a0 \u00a0 \u00a0 \u00a0 \u00a0 \u00a0 \u00a0 \u00a0 \u00a0 Euro\u00a0 10,00 Alle Preise zzgl. Ortstaxe pro Person und Tag\u00a0 \u00a0 \u00a0 \u00a0 \u00a0 \u00a0 \u00a0 \u00a0 \u00a0 Euro\u00a0 \u00a0 3,50 F\u00fcr Kurzaufenthalte 1 oder 2 N\u00e4chte pro Person ein Aufschlag von Euro\u00a0 10,00 Winter 2027 Zimmer\u00a0 mit Fr\u00fchst\u00fcck\u00a0\u00a0\u00a0\u00a0 \u00a0pro Person\u00a0 \u00a0 \u00a0 \u00a0 \u00a0 \u00a0 \u00a0 \u00a0Euro Einzelzimmerzuschlag pro Tag\u00a0 \u00a0 \u00a0 \u00a0 \u00a0 \u00a0 \u00a0 \u00a0 \u00a0 \u00a0 \u00a0 \u00a0 \u00a0 Euro Alle Preise zzgl. Ortstaxe pro Person und Tag\u00a0 \u00a0 \u00a0 \u00a0 \u00a0 \u00a0 \u00a0 \u00a0 \u00a0 Euro\u00a0 \u00a0 \u00a0 \u00a0 \u00a03,50 F\u00fcr Kurzaufenthalte 1 oder 2 N\u00e4chte pro Person ein Aufschlag von Euro Nur Barzahlung (Keine EC-Karten oder Kreditkarten\u00a0) , oder\u00a0 per\u00a0Bank\u00fcberweisung. Storno: Allgemeine Gesch\u00e4ftsbedingungen f\u00fcr die Hotellerie (AGBH)<\/p>\n","protected":false},"author":1,"featured_media":0,"parent":0,"menu_order":0,"comment_status":"closed","ping_status":"closed","template":"","meta":{"footnotes":""},"class_list":["post-81","page","type-page","status-publish","hentry"],"_links":{"self":[{"href":"https:\/\/www.pension-hoferwirt.at\/index.php?rest_route=\/wp\/v2\/pages\/81","targetHints":{"allow":["GET"]}}],"collection":[{"href":"https:\/\/www.pension-hoferwirt.at\/index.php?rest_route=\/wp\/v2\/pages"}],"about":[{"href":"https:\/\/www.pension-hoferwirt.at\/index.php?rest_route=\/wp\/v2\/types\/page"}],"author":[{"embeddable":true,"href":"https:\/\/www.pension-hoferwirt.at\/index.php?rest_route=\/wp\/v2\/users\/1"}],"replies":[{"embeddable":true,"href":"https:\/\/www.pension-hoferwirt.at\/index.php?rest_route=%2Fwp%2Fv2%2Fcomments&post=81"}],"version-history":[{"count":27,"href":"https:\/\/www.pension-hoferwirt.at\/index.php?rest_route=\/wp\/v2\/pages\/81\/revisions"}],"predecessor-version":[{"id":312,"href":"https:\/\/www.pension-hoferwirt.at\/index.php?rest_route=\/wp\/v2\/pages\/81\/revisions\/312"}],"wp:attachment":[{"href":"https:\/\/www.pension-hoferwirt.at\/index.php?rest_route=%2Fwp%2Fv2%2Fmedia&parent=81"}],"curies":[{"name":"wp","href":"https:\/\/api.w.org\/{rel}","templated":true}]}}