{"id":63,"date":"2016-06-07T14:51:38","date_gmt":"2016-06-07T12:51:38","guid":{"rendered":"http:\/\/www.gasthof-hoferwirt.at\/?page_id=63"},"modified":"2024-08-24T17:05:50","modified_gmt":"2024-08-24T15:05:50","slug":"sauna","status":"publish","type":"page","link":"https:\/\/www.pension-hoferwirt.at\/?page_id=63","title":{"rendered":"Sauna \/ Dampfbad"},"content":{"rendered":"\n<h2 class=\"wp-block-heading\">Eine Oase der Gem\u00fctlichkeit&#8230;<\/h2>\n\n\n\n<p>Erleben Sie eine unvergessliche Auszeit f\u00fcr K\u00f6rper, Geist und Seele, <br>\nin unserem  Wellnessbereich mit &nbsp;Sauna und &nbsp;Dampfbad&nbsp;.<\/p>\n\n\n\n<p>&nbsp;<\/p>\n\n\n\n<p>Nur in der Wintersaison im Betrieb<\/p>\n\n\n\n<p>&nbsp;<\/p>\n\n\n<div class=\"wp-block-image\">\n<figure class=\"aligncenter size-full\"><img loading=\"lazy\" decoding=\"async\" width=\"1024\" height=\"673\" src=\"https:\/\/www.pension-hoferwirt.at\/wp-content\/uploads\/2024\/08\/Hoferwirt-Gatt-Alois-Hof-10-Brixen-Wellness.jpg\" alt=\"\" class=\"wp-image-207\" srcset=\"https:\/\/www.pension-hoferwirt.at\/wp-content\/uploads\/2024\/08\/Hoferwirt-Gatt-Alois-Hof-10-Brixen-Wellness.jpg 1024w, https:\/\/www.pension-hoferwirt.at\/wp-content\/uploads\/2024\/08\/Hoferwirt-Gatt-Alois-Hof-10-Brixen-Wellness-300x197.jpg 300w, https:\/\/www.pension-hoferwirt.at\/wp-content\/uploads\/2024\/08\/Hoferwirt-Gatt-Alois-Hof-10-Brixen-Wellness-768x505.jpg 768w, https:\/\/www.pension-hoferwirt.at\/wp-content\/uploads\/2024\/08\/Hoferwirt-Gatt-Alois-Hof-10-Brixen-Wellness-500x330.jpg 500w\" sizes=\"auto, (max-width: 1024px) 100vw, 1024px\" \/><\/figure>\n<\/div>\n\n\n<p><\/p>\n","protected":false},"excerpt":{"rendered":"<p>Eine Oase der Gem\u00fctlichkeit&#8230; Erleben Sie eine unvergessliche Auszeit f\u00fcr K\u00f6rper, Geist und Seele, in unserem Wellnessbereich mit &nbsp;Sauna und &nbsp;Dampfbad&nbsp;. &nbsp; Nur in der Wintersaison im Betrieb &nbsp;<\/p>\n","protected":false},"author":1,"featured_media":0,"parent":0,"menu_order":0,"comment_status":"closed","ping_status":"closed","template":"","meta":{"footnotes":""},"class_list":["post-63","page","type-page","status-publish","hentry"],"_links":{"self":[{"href":"https:\/\/www.pension-hoferwirt.at\/index.php?rest_route=\/wp\/v2\/pages\/63","targetHints":{"allow":["GET"]}}],"collection":[{"href":"https:\/\/www.pension-hoferwirt.at\/index.php?rest_route=\/wp\/v2\/pages"}],"about":[{"href":"https:\/\/www.pension-hoferwirt.at\/index.php?rest_route=\/wp\/v2\/types\/page"}],"author":[{"embeddable":true,"href":"https:\/\/www.pension-hoferwirt.at\/index.php?rest_route=\/wp\/v2\/users\/1"}],"replies":[{"embeddable":true,"href":"https:\/\/www.pension-hoferwirt.at\/index.php?rest_route=%2Fwp%2Fv2%2Fcomments&post=63"}],"version-history":[{"count":6,"href":"https:\/\/www.pension-hoferwirt.at\/index.php?rest_route=\/wp\/v2\/pages\/63\/revisions"}],"predecessor-version":[{"id":233,"href":"https:\/\/www.pension-hoferwirt.at\/index.php?rest_route=\/wp\/v2\/pages\/63\/revisions\/233"}],"wp:attachment":[{"href":"https:\/\/www.pension-hoferwirt.at\/index.php?rest_route=%2Fwp%2Fv2%2Fmedia&parent=63"}],"curies":[{"name":"wp","href":"https:\/\/api.w.org\/{rel}","templated":true}]}}