{"id":33,"date":"2016-06-07T10:33:24","date_gmt":"2016-06-07T08:33:24","guid":{"rendered":"http:\/\/www.gasthof-hoferwirt.at\/?page_id=33"},"modified":"2025-01-01T14:59:37","modified_gmt":"2025-01-01T13:59:37","slug":"impressum","status":"publish","type":"page","link":"https:\/\/www.pension-hoferwirt.at\/?page_id=33","title":{"rendered":"Impressum"},"content":{"rendered":"<h1 class=\"title\">Impressum<\/h1>\n<div id=\"node-2\" class=\"node clear-block\">\n<div class=\"meta\"><\/div>\n<div class=\"content\">\n<div class=\"content\">\n<p>Information gem. \u00a7 5 ECG und Offenlegung gem. \u00a7 25 MedienG:<\/p>\n<h4>Diensteanbieter, Autor und Gestalter<\/h4>\n<p>Alois\u00a0Gatt, Hof 10, 6364 Brixen im Thale, Tel. Nr. +43 5334\/6742<\/p>\n<h4>Offenlegung gem. \u00a7 25 MedienG<\/h4>\n<p>Medieninhaber und Herausgeber: Alois Gatt, Brixen im Thale. Grundlegende Richtung: <a href=\"http:\/\/www.pension-hoferwirt.at\"><span style=\"color: #0066cc;\">www.pension-hoferwirt.at<\/span><\/a> ist das Internetmedium zur Bewerbung des pension Hoferwirt in Brixen im Thale.<\/p>\n<h4>Haftung<\/h4>\n<p>S\u00e4mtliche Texte auf der Website wurden sorgf\u00e4ltig gepr\u00fcft. Dessen ungeachtet kann keine Garantie f\u00fcr Richtigkeit, Vollst\u00e4ndigkeit und Aktualit\u00e4t der Angaben \u00fcbernommen werden.<\/p>\n<h4><a href=\"https:\/\/www.pension-hoferwirt.at\/?page_id=136\">Datenschutz<\/a>\u00a0(Link)<\/h4>\n<\/div>\n<\/div>\n<\/div>\n","protected":false},"excerpt":{"rendered":"<p>Impressum Information gem. \u00a7 5 ECG und Offenlegung gem. \u00a7 25 MedienG: Diensteanbieter, Autor und Gestalter Alois\u00a0Gatt, Hof 10, 6364 Brixen im Thale, Tel. Nr. +43 5334\/6742 Offenlegung gem. \u00a7 25 MedienG Medieninhaber und Herausgeber: Alois Gatt, Brixen im Thale. Grundlegende Richtung: www.pension-hoferwirt.at ist das Internetmedium zur Bewerbung des pension Hoferwirt in Brixen im Thale. Haftung S\u00e4mtliche Texte auf der Website wurden sorgf\u00e4ltig gepr\u00fcft. Dessen ungeachtet kann keine Garantie f\u00fcr Richtigkeit, Vollst\u00e4ndigkeit und Aktualit\u00e4t der Angaben \u00fcbernommen werden. Datenschutz\u00a0(Link)<\/p>\n","protected":false},"author":1,"featured_media":0,"parent":0,"menu_order":0,"comment_status":"closed","ping_status":"closed","template":"","meta":{"footnotes":""},"class_list":["post-33","page","type-page","status-publish","hentry"],"_links":{"self":[{"href":"https:\/\/www.pension-hoferwirt.at\/index.php?rest_route=\/wp\/v2\/pages\/33","targetHints":{"allow":["GET"]}}],"collection":[{"href":"https:\/\/www.pension-hoferwirt.at\/index.php?rest_route=\/wp\/v2\/pages"}],"about":[{"href":"https:\/\/www.pension-hoferwirt.at\/index.php?rest_route=\/wp\/v2\/types\/page"}],"author":[{"embeddable":true,"href":"https:\/\/www.pension-hoferwirt.at\/index.php?rest_route=\/wp\/v2\/users\/1"}],"replies":[{"embeddable":true,"href":"https:\/\/www.pension-hoferwirt.at\/index.php?rest_route=%2Fwp%2Fv2%2Fcomments&post=33"}],"version-history":[{"count":6,"href":"https:\/\/www.pension-hoferwirt.at\/index.php?rest_route=\/wp\/v2\/pages\/33\/revisions"}],"predecessor-version":[{"id":295,"href":"https:\/\/www.pension-hoferwirt.at\/index.php?rest_route=\/wp\/v2\/pages\/33\/revisions\/295"}],"wp:attachment":[{"href":"https:\/\/www.pension-hoferwirt.at\/index.php?rest_route=%2Fwp%2Fv2%2Fmedia&parent=33"}],"curies":[{"name":"wp","href":"https:\/\/api.w.org\/{rel}","templated":true}]}}