{"id":276,"date":"2024-08-26T15:53:11","date_gmt":"2024-08-26T13:53:11","guid":{"rendered":"https:\/\/www.pension-hoferwirt.at\/?page_id=276"},"modified":"2024-08-26T18:58:33","modified_gmt":"2024-08-26T16:58:33","slug":"start","status":"publish","type":"page","link":"https:\/\/www.pension-hoferwirt.at\/","title":{"rendered":"Start"},"content":{"rendered":"\n<h2 class=\"wp-block-heading\">Herzlich willkommen!<\/h2>\n\n\n\n<p>Unser Familienfreundliches Haus liegt im Herzen von&nbsp;<a href=\"http:\/\/www.brixenimthale.com\/\" target=\"_blank\" rel=\"noreferrer noopener\">Brixen<\/a>, einem idyllischen Urlaubsort am Fu\u00dfe&nbsp;<a href=\"http:\/\/www.tirol.at\/reisefuehrer\/ausflugstipps\/ausflugsziele\/a-bergbahnen-hohe-salve\" target=\"_blank\" rel=\"noreferrer noopener\">der Hohen Salve<\/a>&nbsp;(1829 m).&nbsp; Die beiden Talstationen der Bergbahnen Brixen im Thale sind in 2 Minuten zu Fu\u00df zu erreichen&nbsp;.<\/p>\n\n\n\n<p>Wir bieten Ihnen komfortable Zimmer mit Dusche\/WC , F\u00f6n , Kabel-TV, gratis&nbsp;W-LAN,&nbsp;&nbsp;und Balkon .<\/p>\n\n\n\n<p>Beginnen Sie Ihren Tag mit einen gem\u00fctlichen Fr\u00fchst\u00fcck vom Buffet .<\/p>\n\n\n\n<p>Ein netter Aufenthaltsraum mit TV und Spielen aller Art l\u00e4dt zum geselligen Beisammensein ein.<\/p>\n\n\n\n<p>Oder in unserem St\u00fcberl gemeinsam&nbsp;mit Familie oder Freunde&nbsp; den Tag gem\u00fctlich &nbsp;ausklingen lassen.<\/p>\n\n\n\n<p>.<\/p>\n\n\n\n<h2 class=\"wp-block-heading\">Sich verw\u00f6hnen lassen!<\/h2>\n\n\n\n<p>Sommer wie Winter ist unser Haus&nbsp;ein idealer Ausgangspunkt f\u00fcr Ausfl\u00fcge und Sportliche Aktivit\u00e4ten. Erleben Sie die Natur! Wandern und Klettern in die Wundersch\u00f6ne Bergwelt, Schwimmen und Plantschen im nahen&nbsp;<a href=\"http:\/\/www.kitzbueheler-alpen.com\/de\/brixen-im-thale\/sommer\/badesee-freitzeitanlage.html\" target=\"_blank\" rel=\"noreferrer noopener\">Schwimmbad<\/a>&nbsp;oder Badesee, Tennis Radfahren, Fischen, Golf und vieles mehr erwarten Sie in Herrlicher, romantischer Umgebung.<\/p>\n\n\n\n\n<div class=\"wp-block-image\">\n<figure class=\"aligncenter size-full is-resized\"><img loading=\"lazy\" decoding=\"async\" width=\"1024\" height=\"686\" src=\"https:\/\/www.pension-hoferwirt.at\/wp-content\/uploads\/2024\/08\/Gasthof-Hoferwirt-Gatt-Alois-Hof-10-Brixen-Haus-Sommer.jpg\" alt=\"\" class=\"wp-image-200\" style=\"width:290px;height:auto\" srcset=\"https:\/\/www.pension-hoferwirt.at\/wp-content\/uploads\/2024\/08\/Gasthof-Hoferwirt-Gatt-Alois-Hof-10-Brixen-Haus-Sommer.jpg 1024w, https:\/\/www.pension-hoferwirt.at\/wp-content\/uploads\/2024\/08\/Gasthof-Hoferwirt-Gatt-Alois-Hof-10-Brixen-Haus-Sommer-300x201.jpg 300w, https:\/\/www.pension-hoferwirt.at\/wp-content\/uploads\/2024\/08\/Gasthof-Hoferwirt-Gatt-Alois-Hof-10-Brixen-Haus-Sommer-768x515.jpg 768w\" sizes=\"auto, (max-width: 1024px) 100vw, 1024px\" \/><\/figure>\n<\/div>\n\n\n<p><\/p>\n","protected":false},"excerpt":{"rendered":"<p>Herzlich willkommen! Unser Familienfreundliches Haus liegt im Herzen von&nbsp;Brixen, einem idyllischen Urlaubsort am Fu\u00dfe&nbsp;der Hohen Salve&nbsp;(1829 m).&nbsp; Die beiden Talstationen der Bergbahnen Brixen im Thale sind in 2 Minuten zu Fu\u00df zu erreichen&nbsp;. Wir bieten Ihnen komfortable Zimmer mit Dusche\/WC , F\u00f6n , Kabel-TV, gratis&nbsp;W-LAN,&nbsp;&nbsp;und Balkon . Beginnen Sie Ihren Tag mit einen gem\u00fctlichen Fr\u00fchst\u00fcck vom Buffet . Ein netter Aufenthaltsraum mit TV und Spielen aller Art l\u00e4dt zum geselligen Beisammensein ein. Oder in unserem St\u00fcberl gemeinsam&nbsp;mit Familie oder Freunde&nbsp; den Tag gem\u00fctlich &nbsp;ausklingen lassen. . Sich verw\u00f6hnen lassen! Sommer wie Winter ist unser Haus&nbsp;ein idealer Ausgangspunkt f\u00fcr Ausfl\u00fcge und Sportliche Aktivit\u00e4ten. Erleben Sie die Natur! Wandern und Klettern in die Wundersch\u00f6ne Bergwelt, Schwimmen und Plantschen im nahen&nbsp;Schwimmbad&nbsp;oder Badesee, Tennis Radfahren, Fischen, Golf und vieles mehr erwarten Sie in Herrlicher, romantischer Umgebung.<\/p>\n","protected":false},"author":1,"featured_media":0,"parent":0,"menu_order":0,"comment_status":"closed","ping_status":"closed","template":"","meta":{"footnotes":""},"class_list":["post-276","page","type-page","status-publish","hentry"],"_links":{"self":[{"href":"https:\/\/www.pension-hoferwirt.at\/index.php?rest_route=\/wp\/v2\/pages\/276","targetHints":{"allow":["GET"]}}],"collection":[{"href":"https:\/\/www.pension-hoferwirt.at\/index.php?rest_route=\/wp\/v2\/pages"}],"about":[{"href":"https:\/\/www.pension-hoferwirt.at\/index.php?rest_route=\/wp\/v2\/types\/page"}],"author":[{"embeddable":true,"href":"https:\/\/www.pension-hoferwirt.at\/index.php?rest_route=\/wp\/v2\/users\/1"}],"replies":[{"embeddable":true,"href":"https:\/\/www.pension-hoferwirt.at\/index.php?rest_route=%2Fwp%2Fv2%2Fcomments&post=276"}],"version-history":[{"count":3,"href":"https:\/\/www.pension-hoferwirt.at\/index.php?rest_route=\/wp\/v2\/pages\/276\/revisions"}],"predecessor-version":[{"id":283,"href":"https:\/\/www.pension-hoferwirt.at\/index.php?rest_route=\/wp\/v2\/pages\/276\/revisions\/283"}],"wp:attachment":[{"href":"https:\/\/www.pension-hoferwirt.at\/index.php?rest_route=%2Fwp%2Fv2%2Fmedia&parent=276"}],"curies":[{"name":"wp","href":"https:\/\/api.w.org\/{rel}","templated":true}]}}