{"id":27,"date":"2016-06-07T10:37:54","date_gmt":"2016-06-07T08:37:54","guid":{"rendered":"http:\/\/www.gasthof-hoferwirt.at\/?page_id=27"},"modified":"2024-08-28T16:22:54","modified_gmt":"2024-08-28T14:22:54","slug":"appartement-2","status":"publish","type":"page","link":"https:\/\/www.pension-hoferwirt.at\/?page_id=27","title":{"rendered":"Appartement"},"content":{"rendered":"\n<h2 class=\"wp-block-heading\">Gastlichkeit mit Tradition und Herz<\/h2>\n\n\n\n<p>Lassen Sie sich verw\u00f6hnen beim Hoferwirt. Urlaub im Trend der Zeit, so soll es sein!<\/p>\n\n\n\n<p>&nbsp;<\/p>\n\n\n\n<p>Und w\u00e4hrend die Kleinen am hauseigenen Kinderspielplatz herumtollen, k\u00f6nnen Sie sich rundherum <a href=\"http:\/\/www.gasthof-hoferwirt.at\/sauna\/\">wohl f\u00fchlen<\/a>, Gedanken schweifen lassen, genie\u00dfen&nbsp;&#8211; dass ist Urlaub Pur!<\/p>\n\n\n\n<p>&nbsp;<\/p>\n\n\n\n<p>Ankommen und sich wie zu Hause f\u00fchlen.<br>\nLassen Sie sich von den Annehmlichkeiten unseres Hauses \u00fcberraschen.<\/p>\n\n\n\n<p>Die Appartements habe eine Gr\u00f6\u00dfe von ca. 65 Quadratmetern und sind eingeteilt in Wohnk\u00fcche,<\/p>\n\n\n\n<p>2 Schlafzimmer mit eigener Dusche und WC, F\u00f6n , Kabel-TV, und Balkon, Gratis W-LAN, und noch ein separates WC.<\/p>\n\n\n\n<p>Sauna und Dampfbad nur&nbsp; in der Wintersaison.<\/p>\n\n\n\n<p>&nbsp;<\/p>\n\n\n\n<figure class=\"wp-block-gallery has-nested-images columns-3 is-cropped wp-block-gallery-1 is-layout-flex wp-block-gallery-is-layout-flex\">\n<figure class=\"wp-block-image size-full\"><img loading=\"lazy\" decoding=\"async\" width=\"896\" height=\"600\" data-id=\"197\" src=\"https:\/\/www.pension-hoferwirt.at\/wp-content\/uploads\/2024\/08\/detail-kam-001622-dorfzentrum-von-brixen-im-thale-fotograf-kurt-tropperA\u00a9.jpg\" alt=\"\" class=\"wp-image-197\" srcset=\"https:\/\/www.pension-hoferwirt.at\/wp-content\/uploads\/2024\/08\/detail-kam-001622-dorfzentrum-von-brixen-im-thale-fotograf-kurt-tropperA\u00a9.jpg 896w, https:\/\/www.pension-hoferwirt.at\/wp-content\/uploads\/2024\/08\/detail-kam-001622-dorfzentrum-von-brixen-im-thale-fotograf-kurt-tropperA\u00a9-300x201.jpg 300w, https:\/\/www.pension-hoferwirt.at\/wp-content\/uploads\/2024\/08\/detail-kam-001622-dorfzentrum-von-brixen-im-thale-fotograf-kurt-tropperA\u00a9-768x514.jpg 768w\" sizes=\"auto, (max-width: 896px) 100vw, 896px\" \/><\/figure>\n\n\n\n<figure class=\"wp-block-image size-full\"><img loading=\"lazy\" decoding=\"async\" width=\"900\" height=\"600\" data-id=\"196\" src=\"https:\/\/www.pension-hoferwirt.at\/wp-content\/uploads\/2024\/08\/detail-gemuetliche-rast-fotograf-martin-luggerA\u00a9-1.jpg\" alt=\"\" class=\"wp-image-196\" srcset=\"https:\/\/www.pension-hoferwirt.at\/wp-content\/uploads\/2024\/08\/detail-gemuetliche-rast-fotograf-martin-luggerA\u00a9-1.jpg 900w, https:\/\/www.pension-hoferwirt.at\/wp-content\/uploads\/2024\/08\/detail-gemuetliche-rast-fotograf-martin-luggerA\u00a9-1-300x200.jpg 300w, https:\/\/www.pension-hoferwirt.at\/wp-content\/uploads\/2024\/08\/detail-gemuetliche-rast-fotograf-martin-luggerA\u00a9-1-768x512.jpg 768w\" sizes=\"auto, (max-width: 900px) 100vw, 900px\" \/><\/figure>\n\n\n\n<figure class=\"wp-block-image size-full\"><img loading=\"lazy\" decoding=\"async\" width=\"392\" height=\"294\" data-id=\"251\" src=\"https:\/\/www.pension-hoferwirt.at\/wp-content\/uploads\/2024\/08\/Schlafzimmer.jpg\" alt=\"\" class=\"wp-image-251\" srcset=\"https:\/\/www.pension-hoferwirt.at\/wp-content\/uploads\/2024\/08\/Schlafzimmer.jpg 392w, https:\/\/www.pension-hoferwirt.at\/wp-content\/uploads\/2024\/08\/Schlafzimmer-300x225.jpg 300w\" sizes=\"auto, (max-width: 392px) 100vw, 392px\" \/><\/figure>\n\n\n\n<figure class=\"wp-block-image size-full\"><img loading=\"lazy\" decoding=\"async\" width=\"318\" height=\"424\" data-id=\"248\" src=\"https:\/\/www.pension-hoferwirt.at\/wp-content\/uploads\/2024\/08\/Esstisch-in-der-Wohnkueche.jpg\" alt=\"\" class=\"wp-image-248\" srcset=\"https:\/\/www.pension-hoferwirt.at\/wp-content\/uploads\/2024\/08\/Esstisch-in-der-Wohnkueche.jpg 318w, https:\/\/www.pension-hoferwirt.at\/wp-content\/uploads\/2024\/08\/Esstisch-in-der-Wohnkueche-225x300.jpg 225w\" sizes=\"auto, (max-width: 318px) 100vw, 318px\" \/><\/figure>\n\n\n\n<figure class=\"wp-block-image size-large\"><img loading=\"lazy\" decoding=\"async\" width=\"836\" height=\"600\" data-id=\"198\" src=\"https:\/\/www.pension-hoferwirt.at\/wp-content\/uploads\/2024\/08\/detail-skifahrerin-vor-hohersalvemirjageh-7932A\u00a9mirjageheye5.jpg\" alt=\"\" class=\"wp-image-198\" srcset=\"https:\/\/www.pension-hoferwirt.at\/wp-content\/uploads\/2024\/08\/detail-skifahrerin-vor-hohersalvemirjageh-7932A\u00a9mirjageheye5.jpg 836w, https:\/\/www.pension-hoferwirt.at\/wp-content\/uploads\/2024\/08\/detail-skifahrerin-vor-hohersalvemirjageh-7932A\u00a9mirjageheye5-300x215.jpg 300w, https:\/\/www.pension-hoferwirt.at\/wp-content\/uploads\/2024\/08\/detail-skifahrerin-vor-hohersalvemirjageh-7932A\u00a9mirjageheye5-768x551.jpg 768w\" sizes=\"auto, (max-width: 836px) 100vw, 836px\" \/><\/figure>\n\n\n\n<figure class=\"wp-block-image size-full\"><img loading=\"lazy\" decoding=\"async\" width=\"405\" height=\"304\" data-id=\"249\" src=\"https:\/\/www.pension-hoferwirt.at\/wp-content\/uploads\/2024\/08\/Kuechenblock.jpg\" alt=\"\" class=\"wp-image-249\" srcset=\"https:\/\/www.pension-hoferwirt.at\/wp-content\/uploads\/2024\/08\/Kuechenblock.jpg 405w, https:\/\/www.pension-hoferwirt.at\/wp-content\/uploads\/2024\/08\/Kuechenblock-300x225.jpg 300w\" sizes=\"auto, (max-width: 405px) 100vw, 405px\" \/><\/figure>\n\n\n\n<figure class=\"wp-block-image size-full\"><img loading=\"lazy\" decoding=\"async\" width=\"424\" height=\"318\" data-id=\"250\" src=\"https:\/\/www.pension-hoferwirt.at\/wp-content\/uploads\/2024\/08\/Sitzecke-in-der-Wohnkueche.jpg\" alt=\"\" class=\"wp-image-250\" srcset=\"https:\/\/www.pension-hoferwirt.at\/wp-content\/uploads\/2024\/08\/Sitzecke-in-der-Wohnkueche.jpg 424w, https:\/\/www.pension-hoferwirt.at\/wp-content\/uploads\/2024\/08\/Sitzecke-in-der-Wohnkueche-300x225.jpg 300w\" sizes=\"auto, (max-width: 424px) 100vw, 424px\" \/><\/figure>\n<\/figure>\n\n\n\n<p>&nbsp;<\/p>\n","protected":false},"excerpt":{"rendered":"<p>Gastlichkeit mit Tradition und Herz Lassen Sie sich verw\u00f6hnen beim Hoferwirt. Urlaub im Trend der Zeit, so soll es sein! &nbsp; Und w\u00e4hrend die Kleinen am hauseigenen Kinderspielplatz herumtollen, k\u00f6nnen Sie sich rundherum wohl f\u00fchlen, Gedanken schweifen lassen, genie\u00dfen&nbsp;&#8211; dass ist Urlaub Pur! &nbsp; Ankommen und sich wie zu Hause f\u00fchlen. Lassen Sie sich von den Annehmlichkeiten unseres Hauses \u00fcberraschen. Die Appartements habe eine Gr\u00f6\u00dfe von ca. 65 Quadratmetern und sind eingeteilt in Wohnk\u00fcche, 2 Schlafzimmer mit eigener Dusche und WC, F\u00f6n , Kabel-TV, und Balkon, Gratis W-LAN, und noch ein separates WC. Sauna und Dampfbad nur&nbsp; in der Wintersaison. &nbsp; &nbsp;<\/p>\n","protected":false},"author":1,"featured_media":0,"parent":0,"menu_order":0,"comment_status":"closed","ping_status":"closed","template":"","meta":{"footnotes":""},"class_list":["post-27","page","type-page","status-publish","hentry"],"_links":{"self":[{"href":"https:\/\/www.pension-hoferwirt.at\/index.php?rest_route=\/wp\/v2\/pages\/27","targetHints":{"allow":["GET"]}}],"collection":[{"href":"https:\/\/www.pension-hoferwirt.at\/index.php?rest_route=\/wp\/v2\/pages"}],"about":[{"href":"https:\/\/www.pension-hoferwirt.at\/index.php?rest_route=\/wp\/v2\/types\/page"}],"author":[{"embeddable":true,"href":"https:\/\/www.pension-hoferwirt.at\/index.php?rest_route=\/wp\/v2\/users\/1"}],"replies":[{"embeddable":true,"href":"https:\/\/www.pension-hoferwirt.at\/index.php?rest_route=%2Fwp%2Fv2%2Fcomments&post=27"}],"version-history":[{"count":12,"href":"https:\/\/www.pension-hoferwirt.at\/index.php?rest_route=\/wp\/v2\/pages\/27\/revisions"}],"predecessor-version":[{"id":288,"href":"https:\/\/www.pension-hoferwirt.at\/index.php?rest_route=\/wp\/v2\/pages\/27\/revisions\/288"}],"wp:attachment":[{"href":"https:\/\/www.pension-hoferwirt.at\/index.php?rest_route=%2Fwp%2Fv2%2Fmedia&parent=27"}],"curies":[{"name":"wp","href":"https:\/\/api.w.org\/{rel}","templated":true}]}}