{"id":25,"date":"2016-06-07T10:32:37","date_gmt":"2016-06-07T08:32:37","guid":{"rendered":"http:\/\/www.gasthof-hoferwirt.at\/?page_id=25"},"modified":"2024-08-28T16:24:03","modified_gmt":"2024-08-28T14:24:03","slug":"__trashed-5","status":"publish","type":"page","link":"https:\/\/www.pension-hoferwirt.at\/?page_id=25","title":{"rendered":"Zimmer"},"content":{"rendered":"\n<p>Lassen sie Sich verw\u00f6hnen in unseren Zimmer.<\/p>\n\n\n\n<p>Unsere Zimmer sind ausgestattet mit Dusche und WC, F\u00f6n, Kabel-TV,  und Gratis W-Lan.<\/p>\n\n\n\n<p>Zudem ist f\u00fcr jeden Gast ein Bademantel verf\u00fcgbar f\u00fcr unserem Wellnessbereich .<\/p>\n\n\n\n<p>Wellnessbereich nur in der Wintersaison in Betrieb .<\/p>\n\n\n\n<figure class=\"wp-block-gallery has-nested-images columns-3 is-cropped wp-block-gallery-1 is-layout-flex wp-block-gallery-is-layout-flex\">\n<figure class=\"wp-block-image size-full\"><img loading=\"lazy\" decoding=\"async\" width=\"2560\" height=\"1920\" data-id=\"244\" src=\"https:\/\/www.pension-hoferwirt.at\/wp-content\/uploads\/2024\/08\/IMG_2832-scaled.jpg\" alt=\"\" class=\"wp-image-244\" srcset=\"https:\/\/www.pension-hoferwirt.at\/wp-content\/uploads\/2024\/08\/IMG_2832-scaled.jpg 2560w, https:\/\/www.pension-hoferwirt.at\/wp-content\/uploads\/2024\/08\/IMG_2832-300x225.jpg 300w\" sizes=\"auto, (max-width: 2560px) 100vw, 2560px\" \/><\/figure>\n\n\n\n<figure class=\"wp-block-image size-full\"><img loading=\"lazy\" decoding=\"async\" width=\"814\" height=\"682\" data-id=\"210\" src=\"https:\/\/www.pension-hoferwirt.at\/wp-content\/uploads\/2024\/08\/Hoferwirt-Gatt-Alois-Hof-10-Brixen-Zimmer1-e1724516989559.jpg\" alt=\"\" class=\"wp-image-210\" srcset=\"https:\/\/www.pension-hoferwirt.at\/wp-content\/uploads\/2024\/08\/Hoferwirt-Gatt-Alois-Hof-10-Brixen-Zimmer1-e1724516989559.jpg 814w, https:\/\/www.pension-hoferwirt.at\/wp-content\/uploads\/2024\/08\/Hoferwirt-Gatt-Alois-Hof-10-Brixen-Zimmer1-e1724516989559-300x251.jpg 300w, https:\/\/www.pension-hoferwirt.at\/wp-content\/uploads\/2024\/08\/Hoferwirt-Gatt-Alois-Hof-10-Brixen-Zimmer1-e1724516989559-768x643.jpg 768w\" sizes=\"auto, (max-width: 814px) 100vw, 814px\" \/><\/figure>\n\n\n\n<figure class=\"wp-block-image size-full\"><img loading=\"lazy\" decoding=\"async\" width=\"2560\" height=\"1439\" data-id=\"246\" src=\"https:\/\/www.pension-hoferwirt.at\/wp-content\/uploads\/2024\/08\/IMG_2799-scaled.jpg\" alt=\"\" class=\"wp-image-246\" srcset=\"https:\/\/www.pension-hoferwirt.at\/wp-content\/uploads\/2024\/08\/IMG_2799-scaled.jpg 2560w, https:\/\/www.pension-hoferwirt.at\/wp-content\/uploads\/2024\/08\/IMG_2799-300x169.jpg 300w\" sizes=\"auto, (max-width: 2560px) 100vw, 2560px\" \/><\/figure>\n\n\n\n<figure class=\"wp-block-image size-full\"><img loading=\"lazy\" decoding=\"async\" width=\"1024\" height=\"673\" data-id=\"207\" src=\"https:\/\/www.pension-hoferwirt.at\/wp-content\/uploads\/2024\/08\/Hoferwirt-Gatt-Alois-Hof-10-Brixen-Wellness.jpg\" alt=\"\" class=\"wp-image-207\" srcset=\"https:\/\/www.pension-hoferwirt.at\/wp-content\/uploads\/2024\/08\/Hoferwirt-Gatt-Alois-Hof-10-Brixen-Wellness.jpg 1024w, https:\/\/www.pension-hoferwirt.at\/wp-content\/uploads\/2024\/08\/Hoferwirt-Gatt-Alois-Hof-10-Brixen-Wellness-300x197.jpg 300w, https:\/\/www.pension-hoferwirt.at\/wp-content\/uploads\/2024\/08\/Hoferwirt-Gatt-Alois-Hof-10-Brixen-Wellness-768x505.jpg 768w, https:\/\/www.pension-hoferwirt.at\/wp-content\/uploads\/2024\/08\/Hoferwirt-Gatt-Alois-Hof-10-Brixen-Wellness-500x330.jpg 500w\" sizes=\"auto, (max-width: 1024px) 100vw, 1024px\" \/><\/figure>\n\n\n\n<figure class=\"wp-block-image size-large\"><img loading=\"lazy\" decoding=\"async\" width=\"836\" height=\"600\" data-id=\"198\" src=\"https:\/\/www.pension-hoferwirt.at\/wp-content\/uploads\/2024\/08\/detail-skifahrerin-vor-hohersalvemirjageh-7932A\u00a9mirjageheye5.jpg\" alt=\"\" class=\"wp-image-198\" srcset=\"https:\/\/www.pension-hoferwirt.at\/wp-content\/uploads\/2024\/08\/detail-skifahrerin-vor-hohersalvemirjageh-7932A\u00a9mirjageheye5.jpg 836w, https:\/\/www.pension-hoferwirt.at\/wp-content\/uploads\/2024\/08\/detail-skifahrerin-vor-hohersalvemirjageh-7932A\u00a9mirjageheye5-300x215.jpg 300w, https:\/\/www.pension-hoferwirt.at\/wp-content\/uploads\/2024\/08\/detail-skifahrerin-vor-hohersalvemirjageh-7932A\u00a9mirjageheye5-768x551.jpg 768w\" sizes=\"auto, (max-width: 836px) 100vw, 836px\" \/><\/figure>\n\n\n\n<figure class=\"wp-block-image size-large\"><img loading=\"lazy\" decoding=\"async\" width=\"1024\" height=\"658\" data-id=\"245\" src=\"https:\/\/www.pension-hoferwirt.at\/wp-content\/uploads\/2024\/08\/IMG_2834-scaled-e1724517095590-1024x658.jpg\" alt=\"\" class=\"wp-image-245\" srcset=\"https:\/\/www.pension-hoferwirt.at\/wp-content\/uploads\/2024\/08\/IMG_2834-scaled-e1724517095590-1024x658.jpg 1024w, https:\/\/www.pension-hoferwirt.at\/wp-content\/uploads\/2024\/08\/IMG_2834-scaled-e1724517095590-300x193.jpg 300w, https:\/\/www.pension-hoferwirt.at\/wp-content\/uploads\/2024\/08\/IMG_2834-scaled-e1724517095590-768x494.jpg 768w, https:\/\/www.pension-hoferwirt.at\/wp-content\/uploads\/2024\/08\/IMG_2834-scaled-e1724517095590-1536x988.jpg 1536w, https:\/\/www.pension-hoferwirt.at\/wp-content\/uploads\/2024\/08\/IMG_2834-scaled-e1724517095590-2048x1317.jpg 2048w, https:\/\/www.pension-hoferwirt.at\/wp-content\/uploads\/2024\/08\/IMG_2834-scaled-e1724517095590-1140x733.jpg 1140w\" sizes=\"auto, (max-width: 1024px) 100vw, 1024px\" \/><\/figure>\n\n\n\n<figure class=\"wp-block-image size-large\"><img decoding=\"async\" data-id=\"204\" src=\"https:\/\/www.pension-hoferwirt.at\/wp-content\/uploads\/2024\/08\/Hoferwirt-Gatt-Alois-Hof-10-Brixen-Gemeinschaftszimmer.jpg\" alt=\"\" class=\"wp-image-204\"\/><\/figure>\n<\/figure>\n","protected":false},"excerpt":{"rendered":"<p>Lassen sie Sich verw\u00f6hnen in unseren Zimmer. Unsere Zimmer sind ausgestattet mit Dusche und WC, F\u00f6n, Kabel-TV, und Gratis W-Lan. Zudem ist f\u00fcr jeden Gast ein Bademantel verf\u00fcgbar f\u00fcr unserem Wellnessbereich . Wellnessbereich nur in der Wintersaison in Betrieb .<\/p>\n","protected":false},"author":1,"featured_media":246,"parent":0,"menu_order":0,"comment_status":"closed","ping_status":"closed","template":"","meta":{"footnotes":""},"class_list":["post-25","page","type-page","status-publish","has-post-thumbnail","hentry"],"_links":{"self":[{"href":"https:\/\/www.pension-hoferwirt.at\/index.php?rest_route=\/wp\/v2\/pages\/25","targetHints":{"allow":["GET"]}}],"collection":[{"href":"https:\/\/www.pension-hoferwirt.at\/index.php?rest_route=\/wp\/v2\/pages"}],"about":[{"href":"https:\/\/www.pension-hoferwirt.at\/index.php?rest_route=\/wp\/v2\/types\/page"}],"author":[{"embeddable":true,"href":"https:\/\/www.pension-hoferwirt.at\/index.php?rest_route=\/wp\/v2\/users\/1"}],"replies":[{"embeddable":true,"href":"https:\/\/www.pension-hoferwirt.at\/index.php?rest_route=%2Fwp%2Fv2%2Fcomments&post=25"}],"version-history":[{"count":8,"href":"https:\/\/www.pension-hoferwirt.at\/index.php?rest_route=\/wp\/v2\/pages\/25\/revisions"}],"predecessor-version":[{"id":290,"href":"https:\/\/www.pension-hoferwirt.at\/index.php?rest_route=\/wp\/v2\/pages\/25\/revisions\/290"}],"wp:featuredmedia":[{"embeddable":true,"href":"https:\/\/www.pension-hoferwirt.at\/index.php?rest_route=\/wp\/v2\/media\/246"}],"wp:attachment":[{"href":"https:\/\/www.pension-hoferwirt.at\/index.php?rest_route=%2Fwp%2Fv2%2Fmedia&parent=25"}],"curies":[{"name":"wp","href":"https:\/\/api.w.org\/{rel}","templated":true}]}}