{"id":102,"date":"2016-06-20T14:35:27","date_gmt":"2016-06-20T12:35:27","guid":{"rendered":"http:\/\/www.gasthof-hoferwirt.at\/?page_id=102"},"modified":"2026-03-08T17:16:17","modified_gmt":"2026-03-08T16:16:17","slug":"preisen-appartement","status":"publish","type":"page","link":"https:\/\/www.pension-hoferwirt.at\/?page_id=102","title":{"rendered":"Preise Appartement"},"content":{"rendered":"<p><span class=\"Apple-style-span\" style=\"font-size: 12px; line-height: 19px;\">\u00a0<\/span><\/p>\n<h2 id=\"appartementpreisen\">Preise \u00a0Appartement<\/h2>\n<h3 id=\"appsommer\"><span style=\"text-decoration: underline;\"><strong><em>Sommer 2026<\/em><\/strong><\/span><\/h3>\n<p>Appartement f\u00fcr 4 Personen: \u20ac\u00a0 200,00 pro Tag\u00a0\u00a0\u00a0,\u00a0\u00a0jede weitere Person \u20ac 25,00 pro Tag<\/p>\n<p><span style=\"font-size: small;\">Alle Preise zzgl. Ortstaxe pro Person und Tag : \u00a0\u20ac\u00a0 3,50<\/span><\/p>\n<h3 id=\"appwinter\"><span style=\"text-decoration: underline;\"><em><strong>Winter 2026 \/ 2027<\/strong><\/em><\/span><\/h3>\n<p>Appartement f\u00fcr 4 Personen: \u20ac\u00a0 \u00a0 \u00a0 \u00a0 \u00a0 \u00a0 \u00a0pro\u00a0 Tag ,\u00a0\u00a0\u00a0\u00a0\u00a0\u00a0jede weitere Person \u20ac\u00a0 \u00a0 \u00a0 \u00a0 \u00a0 pro Tag<\/p>\n<p><span style=\"font-size: small;\">Alle\u00a0Preise zzgl. Ortstaxe pro Person und Tag\u00a0: \u00a0\u20ac\u00a0 3,50<\/span><\/p>\n<p>Nur Barzahlung (Kein EC-Karten oder Kreditkarten)\u00a0,\u00a0\u00a0oder\u00a0 per Bank\u00fcberweisung.<\/p>\n<p>Storno: <a href=\"https:\/\/www.wko.at\/oe\/tourismus-freizeitwirtschaft\/hotellerie\/allgemeine-geschaeftsbedingungen-hotellerie\">Allgemeine Gesch\u00e4ftsbedingungen f\u00fcr die Hotellerie (AGBH)<\/a><\/p>\n\n\n<p><\/p>\n","protected":false},"excerpt":{"rendered":"<p>\u00a0 Preise \u00a0Appartement Sommer 2026 Appartement f\u00fcr 4 Personen: \u20ac\u00a0 200,00 pro Tag\u00a0\u00a0\u00a0,\u00a0\u00a0jede weitere Person \u20ac 25,00 pro Tag Alle Preise zzgl. Ortstaxe pro Person und Tag : \u00a0\u20ac\u00a0 3,50 Winter 2026 \/ 2027 Appartement f\u00fcr 4 Personen: \u20ac\u00a0 \u00a0 \u00a0 \u00a0 \u00a0 \u00a0 \u00a0pro\u00a0 Tag ,\u00a0\u00a0\u00a0\u00a0\u00a0\u00a0jede weitere Person \u20ac\u00a0 \u00a0 \u00a0 \u00a0 \u00a0 pro Tag Alle\u00a0Preise zzgl. Ortstaxe pro Person und Tag\u00a0: \u00a0\u20ac\u00a0 3,50 Nur Barzahlung (Kein EC-Karten oder Kreditkarten)\u00a0,\u00a0\u00a0oder\u00a0 per Bank\u00fcberweisung. Storno: Allgemeine Gesch\u00e4ftsbedingungen f\u00fcr die Hotellerie (AGBH)<\/p>\n","protected":false},"author":1,"featured_media":0,"parent":0,"menu_order":0,"comment_status":"closed","ping_status":"closed","template":"","meta":{"footnotes":""},"class_list":["post-102","page","type-page","status-publish","hentry"],"_links":{"self":[{"href":"https:\/\/www.pension-hoferwirt.at\/index.php?rest_route=\/wp\/v2\/pages\/102","targetHints":{"allow":["GET"]}}],"collection":[{"href":"https:\/\/www.pension-hoferwirt.at\/index.php?rest_route=\/wp\/v2\/pages"}],"about":[{"href":"https:\/\/www.pension-hoferwirt.at\/index.php?rest_route=\/wp\/v2\/types\/page"}],"author":[{"embeddable":true,"href":"https:\/\/www.pension-hoferwirt.at\/index.php?rest_route=\/wp\/v2\/users\/1"}],"replies":[{"embeddable":true,"href":"https:\/\/www.pension-hoferwirt.at\/index.php?rest_route=%2Fwp%2Fv2%2Fcomments&post=102"}],"version-history":[{"count":19,"href":"https:\/\/www.pension-hoferwirt.at\/index.php?rest_route=\/wp\/v2\/pages\/102\/revisions"}],"predecessor-version":[{"id":313,"href":"https:\/\/www.pension-hoferwirt.at\/index.php?rest_route=\/wp\/v2\/pages\/102\/revisions\/313"}],"wp:attachment":[{"href":"https:\/\/www.pension-hoferwirt.at\/index.php?rest_route=%2Fwp%2Fv2%2Fmedia&parent=102"}],"curies":[{"name":"wp","href":"https:\/\/api.w.org\/{rel}","templated":true}]}}